{"id":2724,"date":"2023-09-30T21:36:19","date_gmt":"2023-09-30T19:36:19","guid":{"rendered":"https:\/\/msaigenschlaegl.at\/?page_id=2724"},"modified":"2023-10-03T15:06:19","modified_gmt":"2023-10-03T13:06:19","slug":"auszeichnungen-zertifikate-gutesiegel","status":"publish","type":"page","link":"https:\/\/msaigenschlaegl.at\/?page_id=2724","title":{"rendered":"Auszeichnungen | Zertifikate"},"content":{"rendered":"<div class=\"entry\">\n\n\n<div class=\"wp-block-media-text alignwide is-stacked-on-mobile\" style=\"grid-template-columns:28% auto\"><figure class=\"wp-block-media-text__media\"><img loading=\"lazy\" decoding=\"async\" width=\"1000\" height=\"707\" src=\"https:\/\/msaigenschlaegl.at\/wp-content\/uploads\/2023\/06\/mint_siegel.jpg\" alt=\"\" class=\"wp-image-2509 size-full\" srcset=\"https:\/\/msaigenschlaegl.at\/wp-content\/uploads\/2023\/06\/mint_siegel.jpg 1000w, https:\/\/msaigenschlaegl.at\/wp-content\/uploads\/2023\/06\/mint_siegel-300x212.jpg 300w, https:\/\/msaigenschlaegl.at\/wp-content\/uploads\/2023\/06\/mint_siegel-768x543.jpg 768w\" sizes=\"(max-width: 1000px) 100vw, 1000px\" \/><\/figure><div class=\"wp-block-media-text__content\">\n<p><\/p>\n\n\n\n<p>Mit diesem G\u00fctesiegel werden Bildungseinrichtungen ausgezeichnet, die mit verschiedenen Ma\u00dfnahmen innovatives und begeisterndes Lernen in Mathematik, Informatik, Naturwissenschaft und Technik mit vielf\u00e4ltigen Zug\u00e4ngen f\u00fcr M\u00e4dchen und Burschen f\u00f6rdern.<\/p>\n<\/div><\/div>\n\n\n\n<div class=\"wp-block-media-text alignwide is-stacked-on-mobile\" style=\"grid-template-columns:28% auto\"><figure class=\"wp-block-media-text__media\"><img loading=\"lazy\" decoding=\"async\" width=\"600\" height=\"534\" src=\"https:\/\/msaigenschlaegl.at\/wp-content\/uploads\/2023\/02\/digitalaschule_schild.jpg\" alt=\"\" class=\"wp-image-2241 size-full\" srcset=\"https:\/\/msaigenschlaegl.at\/wp-content\/uploads\/2023\/02\/digitalaschule_schild.jpg 600w, https:\/\/msaigenschlaegl.at\/wp-content\/uploads\/2023\/02\/digitalaschule_schild-300x267.jpg 300w\" sizes=\"(max-width: 600px) 100vw, 600px\" \/><\/figure><div class=\"wp-block-media-text__content\">\n<p><\/p>\n\n\n\n<p>Die Schule nimmt n der Ger\u00e4teinitiative &#8222;Digitales Lernen&#8220; teil. Sch\u00fclerinnen und Sch\u00fcler erhalten in der 5. Schulstufe ein mobiles digitales Endger\u00e4t.\u00a0<\/p>\n<\/div><\/div>\n\n\n\n<div class=\"wp-block-media-text alignwide is-stacked-on-mobile\" style=\"grid-template-columns:28% auto\"><figure class=\"wp-block-media-text__media\"><img loading=\"lazy\" decoding=\"async\" width=\"150\" height=\"150\" src=\"https:\/\/msaigenschlaegl.at\/wp-content\/uploads\/2020\/10\/ee_expert.png\" alt=\"\" class=\"wp-image-481 size-full\"\/><\/figure><div class=\"wp-block-media-text__content\">\n<p><\/p>\n\n\n\n<p>Dieses Zertifikat wird von eEducation Austria an Schulen verliehen, die j\u00e4hrlich ihre Aktivit\u00e4ten zur Vermittlung der Digitalen Grundbildung nachweisen und dokumentieren.<\/p>\n<\/div><\/div>\n\n\n\n<div class=\"wp-block-media-text alignwide is-stacked-on-mobile\" style=\"grid-template-columns:28% auto\"><figure class=\"wp-block-media-text__media\"><img loading=\"lazy\" decoding=\"async\" width=\"500\" height=\"497\" src=\"https:\/\/msaigenschlaegl.at\/wp-content\/uploads\/2020\/11\/ecdl_tc.jpg\" alt=\"\" class=\"wp-image-975 size-full\" srcset=\"https:\/\/msaigenschlaegl.at\/wp-content\/uploads\/2020\/11\/ecdl_tc.jpg 500w, https:\/\/msaigenschlaegl.at\/wp-content\/uploads\/2020\/11\/ecdl_tc-300x298.jpg 300w, https:\/\/msaigenschlaegl.at\/wp-content\/uploads\/2020\/11\/ecdl_tc-150x150.jpg 150w\" sizes=\"(max-width: 500px) 100vw, 500px\" \/><\/figure><div class=\"wp-block-media-text__content\">\n<p><\/p>\n\n\n\n<p>Die Sch\u00fcler\/-innen haben die M\u00f6glichkeit, ab der 3. Klasse den ICDL zu erwerben.<\/p>\n<\/div><\/div>\n\n\n\n<div class=\"wp-block-media-text alignwide is-stacked-on-mobile\" style=\"grid-template-columns:28% auto\"><figure class=\"wp-block-media-text__media\"><img loading=\"lazy\" decoding=\"async\" width=\"227\" height=\"120\" src=\"https:\/\/msaigenschlaegl.at\/wp-content\/uploads\/2022\/09\/logo_bewegteschule.png\" alt=\"\" class=\"wp-image-1993 size-full\"\/><\/figure><div class=\"wp-block-media-text__content\">\n<p><\/p>\n\n\n\n<p>Die Schulen verpflichten sich damit, eine Reihe von gesundheits- und fitnessf\u00f6rdernden Ma\u00dfnahmen und Aktionen f\u00fcr alle im Schulbetrieb t\u00e4tigen Personen einzuf\u00fchren.<\/p>\n<\/div><\/div>\n\n\n\n<div class=\"wp-block-media-text alignwide is-stacked-on-mobile\" style=\"grid-template-columns:28% auto\"><figure class=\"wp-block-media-text__media\"><img loading=\"lazy\" decoding=\"async\" width=\"160\" height=\"100\" src=\"https:\/\/msaigenschlaegl.at\/wp-content\/uploads\/2020\/10\/ausspeisung.png\" alt=\"\" class=\"wp-image-303 size-full\"\/><\/figure><div class=\"wp-block-media-text__content\">\n<p><\/p>\n\n\n\n<p>Die Auszeichnung Gesunde K\u00fcche wird vom Land\u00a0O\u00d6\u00a0verliehen und ist ein Markenzeichen f\u00fcr ern\u00e4hrungsphysiologische Qualit\u00e4t sowie regionale und saisonale K\u00fcche. <\/p>\n<\/div><\/div>\n\n\n<\/div>","protected":false},"excerpt":{"rendered":"<p>Mit diesem G\u00fctesiegel werden Bildungseinrichtungen ausgezeichnet, die mit verschiedenen Ma\u00dfnahmen innovatives und begeisterndes Lernen in Mathematik, Informatik, Naturwissenschaft und Technik mit vielf\u00e4ltigen Zug\u00e4ngen f\u00fcr M\u00e4dchen und Burschen f\u00f6rdern. Die Schule nimmt n der Ger\u00e4teinitiative &#8222;Digitales Lernen&#8220; teil. Sch\u00fclerinnen und Sch\u00fcler erhalten in der 5. Schulstufe ein mobiles digitales Endger\u00e4t.\u00a0 Dieses Zertifikat wird von eEducation Austria &#8230;<\/p>\n","protected":false},"author":1,"featured_media":0,"parent":0,"menu_order":0,"comment_status":"closed","ping_status":"closed","template":"","meta":{"_seopress_robots_primary_cat":"","_seopress_titles_title":"","_seopress_titles_desc":"","_seopress_robots_index":"","footnotes":""},"_links":{"self":[{"href":"https:\/\/msaigenschlaegl.at\/index.php?rest_route=\/wp\/v2\/pages\/2724"}],"collection":[{"href":"https:\/\/msaigenschlaegl.at\/index.php?rest_route=\/wp\/v2\/pages"}],"about":[{"href":"https:\/\/msaigenschlaegl.at\/index.php?rest_route=\/wp\/v2\/types\/page"}],"author":[{"embeddable":true,"href":"https:\/\/msaigenschlaegl.at\/index.php?rest_route=\/wp\/v2\/users\/1"}],"replies":[{"embeddable":true,"href":"https:\/\/msaigenschlaegl.at\/index.php?rest_route=%2Fwp%2Fv2%2Fcomments&post=2724"}],"version-history":[{"count":10,"href":"https:\/\/msaigenschlaegl.at\/index.php?rest_route=\/wp\/v2\/pages\/2724\/revisions"}],"predecessor-version":[{"id":2747,"href":"https:\/\/msaigenschlaegl.at\/index.php?rest_route=\/wp\/v2\/pages\/2724\/revisions\/2747"}],"wp:attachment":[{"href":"https:\/\/msaigenschlaegl.at\/index.php?rest_route=%2Fwp%2Fv2%2Fmedia&parent=2724"}],"curies":[{"name":"wp","href":"https:\/\/api.w.org\/{rel}","templated":true}]}}